{"id":3,"date":"2021-03-12T10:29:23","date_gmt":"2021-03-12T09:29:23","guid":{"rendered":"http:\/\/studioprogettovita.it\/?page_id=3"},"modified":"2022-11-25T09:27:59","modified_gmt":"2022-11-25T08:27:59","slug":"politique-de-confidentialite","status":"publish","type":"page","link":"https:\/\/studioprogettovita.it\/?page_id=3","title":{"rendered":"Politique de confidentialit\u00e9"},"content":{"rendered":"\t\t<div data-elementor-type=\"wp-page\" data-elementor-id=\"3\" class=\"elementor elementor-3\">\n\t\t\t\t\t\t\t<div class=\"elementor-element elementor-element-6aa1509 e-con-boxed e-con\" data-id=\"6aa1509\" data-element_type=\"container\" data-settings=\"{&quot;content_width&quot;:&quot;boxed&quot;}\">\n\t\t\t\t\t<div class=\"e-con-inner\">\n\t\t\t\t<div class=\"elementor-element elementor-element-b62f0a6 elementor-widget elementor-widget-heading\" data-id=\"b62f0a6\" data-element_type=\"widget\" data-widget_type=\"heading.default\">\n\t\t\t\t<div class=\"elementor-widget-container\">\n\t\t\t<style>\/*! elementor - v3.8.0 - 30-10-2022 *\/\n.elementor-heading-title{padding:0;margin:0;line-height:1}.elementor-widget-heading .elementor-heading-title[class*=elementor-size-]>a{color:inherit;font-size:inherit;line-height:inherit}.elementor-widget-heading .elementor-heading-title.elementor-size-small{font-size:15px}.elementor-widget-heading .elementor-heading-title.elementor-size-medium{font-size:19px}.elementor-widget-heading .elementor-heading-title.elementor-size-large{font-size:29px}.elementor-widget-heading .elementor-heading-title.elementor-size-xl{font-size:39px}.elementor-widget-heading .elementor-heading-title.elementor-size-xxl{font-size:59px}<\/style><h2 class=\"elementor-heading-title elementor-size-default\">Privacy policy<\/h2>\t\t<\/div>\n\t\t\t\t<\/div>\n\t\t\t\t\t<\/div>\n\t\t\t\t<\/div>\n\t\t<div class=\"elementor-element elementor-element-768e7fd e-con-boxed e-con\" data-id=\"768e7fd\" data-element_type=\"container\" data-settings=\"{&quot;content_width&quot;:&quot;boxed&quot;}\">\n\t\t\t\t\t<div class=\"e-con-inner\">\n\t\t\t\t<div class=\"elementor-element elementor-element-1a0506e elementor-widget elementor-widget-text-editor\" data-id=\"1a0506e\" data-element_type=\"widget\" data-widget_type=\"text-editor.default\">\n\t\t\t\t<div class=\"elementor-widget-container\">\n\t\t\t<style>\/*! elementor - v3.8.0 - 30-10-2022 *\/\n.elementor-widget-text-editor.elementor-drop-cap-view-stacked .elementor-drop-cap{background-color:#818a91;color:#fff}.elementor-widget-text-editor.elementor-drop-cap-view-framed .elementor-drop-cap{color:#818a91;border:3px solid;background-color:transparent}.elementor-widget-text-editor:not(.elementor-drop-cap-view-default) .elementor-drop-cap{margin-top:8px}.elementor-widget-text-editor:not(.elementor-drop-cap-view-default) .elementor-drop-cap-letter{width:1em;height:1em}.elementor-widget-text-editor .elementor-drop-cap{float:left;text-align:center;line-height:1;font-size:50px}.elementor-widget-text-editor .elementor-drop-cap-letter{display:inline-block}<\/style>\t\t\t\t<p>INFORMAZIONI DA FORNIRE ALL&#8217;INTERESSATO<\/p><p class=\"font_8\">DATI RACCOLTI PRESSO L&#8217;INTERESSATO<\/p><p class=\"font_8\">(ex art. 13 GDPR 2016\/679)<\/p><p class=\"font_8\">Gentile Interessato,<\/p><p class=\"font_8\">di seguito le forniamo alcune informazioni che \u00e8 necessario portare alla sua conoscenza, non solo per ottemperare agli obblighi di legge, ma anche perch\u00e9 la trasparenza e la correttezza nei confronti degli interessati \u00e8 parte fondante della nostra attivit\u00e0.<\/p>\t\t\t\t\t\t<\/div>\n\t\t\t\t<\/div>\n\t\t\t\t\t<\/div>\n\t\t\t\t<\/div>\n\t\t<div class=\"elementor-element elementor-element-cfbab4d e-con-boxed e-con\" data-id=\"cfbab4d\" data-element_type=\"container\" data-settings=\"{&quot;content_width&quot;:&quot;boxed&quot;}\">\n\t\t\t\t\t<div class=\"e-con-inner\">\n\t\t\t\t<div class=\"elementor-element elementor-element-90b3276 elementor-widget elementor-widget-text-editor\" data-id=\"90b3276\" data-element_type=\"widget\" data-widget_type=\"text-editor.default\">\n\t\t\t\t<div class=\"elementor-widget-container\">\n\t\t\t\t\t\t\t<p class=\"font_8\">Il Titolare del Trattamento dei suoi dati personali \u00e8 Studio Progetto Vita, responsabile nei suoi confronti del legittimo e corretto uso dei suoi dati personali e che potr\u00e0 contattare per qualsiasi informazione o richiesta ai seguenti recapiti:<\/p><p class=\"font_8\"><b>Titolare del Trattamento<\/b>: Studio Progetto Vita<\/p><p class=\"font_8\">Contatti e recapiti:<\/p><p class=\"font_8\"><strong>Cellulare<\/strong><\/p><p class=\"font_8\">351 78 53 087<\/p><p class=\"font_8\"><strong>E-mail<\/strong><\/p><p class=\"font_8\"><a href=\"info@studioprogettovita.it\">info@studioprogettovita.it<\/a><\/p><p class=\"font_8\"><strong>Sito Web<\/strong><\/p><p class=\"font_8\"><a href=\"http:\/\/www.ansofal.com\/\" target=\"_blank\" rel=\"noreferrer noopener\"><span class=\"wixGuard\">https:\/\/studioprogettovita.it\/<\/span><\/a><\/p><p class=\"font_8\">I suoi dati personali sono raccolti e trattati per le finalit\u00e0 riportate di seguito insieme alla base giuridica di riferimento:<\/p><ul><li class=\"font_8\">Finalit\u00e0<\/li><li class=\"font_8\">Dati trattati<\/li><li class=\"font_8\">Base Giuridica<\/li><li class=\"font_8\">Gestione della clientela<\/li><li class=\"font_8\">Codice fiscale ed altri numeri di identificazione personale; Nominativo, indirizzo o altri elementi di identificazione personale; Dati di contatto (numero di telefono, e-mail, ecc.)<\/li><\/ul><p class=\"font_8\">Oltre a queste informazioni, per garantirle un trattamento dei suoi dati il pi\u00f9 corretto e trasparente possibile, deve essere a conoscenza del fatto che:<\/p><ul class=\"font_8\"><li><p class=\"font_8\">La durata del trattamento \u00e8 determinata come segue: Trattamento con durata prestabilita pari a 5 Anni<\/p><\/li><li><p class=\"font_8\">ha il diritto di chiedere al titolare del trattamento l&#8217;accesso ai suoi dati personali e la rettifica o la cancellazione degli stessi o la limitazione del trattamento che la riguarda o di opporsi al loro trattamento<\/p><\/li><li><p class=\"font_8\">se ha fornito il consenso per una o pi\u00f9 specifiche finalit\u00e0, ha il diritto di revocare tale consenso in qualsiasi momento<\/p><\/li><li><p class=\"font_8\">ha il diritto di proporre reclamo alla seguente Autorit\u00e0 di Controllo: Garante per la protezione dei dati personali<\/p><\/li><\/ul><p class=\"font_8\">Inoltre,<\/p><p class=\"font_8\">ha l\u2019obbligo contrattuale di fornire i suoi dati, l\u2019assenza dei quali \u00e8 da considerare una violazione delle clausole ivi contenute ovvero la conoscenza dei suoi dati personali \u00e8 requisito necessario per la realizzazione del preventivo e non sar\u00e0 possibile procedere alla stipula contrattuale in assenza di essi<\/p>\t\t\t\t\t\t<\/div>\n\t\t\t\t<\/div>\n\t\t\t\t\t<\/div>\n\t\t\t\t<\/div>\n\t\t\t\t\t\t\t<\/div>\n\t\t","protected":false},"excerpt":{"rendered":"<p>Privacy policy INFORMAZIONI DA FORNIRE ALL&#8217;INTERESSATO DATI RACCOLTI PRESSO L&#8217;INTERESSATO (ex art. 13 GDPR 2016\/679) Gentile Interessato, di seguito le forniamo alcune informazioni che \u00e8 necessario portare alla sua conoscenza, non solo per ottemperare agli obblighi di legge, ma anche perch\u00e9 la trasparenza e la correttezza nei confronti degli interessati \u00e8 parte fondante della nostra [&hellip;]<\/p>\n","protected":false},"author":4,"featured_media":0,"parent":0,"menu_order":0,"comment_status":"closed","ping_status":"open","template":"","meta":{"footnotes":""},"_links":{"self":[{"href":"https:\/\/studioprogettovita.it\/index.php?rest_route=\/wp\/v2\/pages\/3"}],"collection":[{"href":"https:\/\/studioprogettovita.it\/index.php?rest_route=\/wp\/v2\/pages"}],"about":[{"href":"https:\/\/studioprogettovita.it\/index.php?rest_route=\/wp\/v2\/types\/page"}],"author":[{"embeddable":true,"href":"https:\/\/studioprogettovita.it\/index.php?rest_route=\/wp\/v2\/users\/4"}],"replies":[{"embeddable":true,"href":"https:\/\/studioprogettovita.it\/index.php?rest_route=%2Fwp%2Fv2%2Fcomments&post=3"}],"version-history":[{"count":22,"href":"https:\/\/studioprogettovita.it\/index.php?rest_route=\/wp\/v2\/pages\/3\/revisions"}],"predecessor-version":[{"id":2627,"href":"https:\/\/studioprogettovita.it\/index.php?rest_route=\/wp\/v2\/pages\/3\/revisions\/2627"}],"wp:attachment":[{"href":"https:\/\/studioprogettovita.it\/index.php?rest_route=%2Fwp%2Fv2%2Fmedia&parent=3"}],"curies":[{"name":"wp","href":"https:\/\/api.w.org\/{rel}","templated":true}]}}